{"id":371,"date":"2024-11-27T06:09:52","date_gmt":"2024-11-27T09:09:52","guid":{"rendered":"https:\/\/dfvl.com.br\/?page_id=371"},"modified":"2024-11-27T06:20:38","modified_gmt":"2024-11-27T09:20:38","slug":"nossos-produtos","status":"publish","type":"page","link":"https:\/\/dfvl.com.br\/index.php\/nossos-produtos\/","title":{"rendered":"Nossos produtos"},"content":{"rendered":"\t\t<div data-elementor-type=\"wp-page\" data-elementor-id=\"371\" class=\"elementor elementor-371\" data-elementor-post-type=\"page\">\n\t\t\t\t<div class=\"elementor-element elementor-element-68494a8 e-flex e-con-boxed e-con e-parent\" data-id=\"68494a8\" data-element_type=\"container\" data-e-type=\"container\">\n\t\t\t\t\t<div class=\"e-con-inner\">\n\t\t\t\t<div class=\"elementor-element elementor-element-9ba6cfa elementor-widget elementor-widget-image\" data-id=\"9ba6cfa\" data-element_type=\"widget\" data-e-type=\"widget\" data-widget_type=\"image.default\">\n\t\t\t\t<div class=\"elementor-widget-container\">\n\t\t\t\t\t\t\t\t\t\t\t\t\t\t\t<img fetchpriority=\"high\" decoding=\"async\" width=\"1184\" height=\"665\" src=\"https:\/\/dfvl.com.br\/wp-content\/uploads\/2024\/09\/WhatsApp-Image-2024-09-27-at-09.36.59.jpeg\" class=\"attachment-large size-large wp-image-265\" alt=\"\" srcset=\"https:\/\/dfvl.com.br\/wp-content\/uploads\/2024\/09\/WhatsApp-Image-2024-09-27-at-09.36.59.jpeg 1184w, https:\/\/dfvl.com.br\/wp-content\/uploads\/2024\/09\/WhatsApp-Image-2024-09-27-at-09.36.59-500x281.jpeg 500w, https:\/\/dfvl.com.br\/wp-content\/uploads\/2024\/09\/WhatsApp-Image-2024-09-27-at-09.36.59-300x168.jpeg 300w, https:\/\/dfvl.com.br\/wp-content\/uploads\/2024\/09\/WhatsApp-Image-2024-09-27-at-09.36.59-768x431.jpeg 768w, https:\/\/dfvl.com.br\/wp-content\/uploads\/2024\/09\/WhatsApp-Image-2024-09-27-at-09.36.59-134x75.jpeg 134w, https:\/\/dfvl.com.br\/wp-content\/uploads\/2024\/09\/WhatsApp-Image-2024-09-27-at-09.36.59-480x270.jpeg 480w\" sizes=\"(max-width:767px) 480px, (max-width:1184px) 100vw, 1184px\" \/>\t\t\t\t\t\t\t\t\t\t\t\t\t\t\t<\/div>\n\t\t\t\t<\/div>\n\t\t\t\t<div class=\"elementor-element elementor-element-2e0e9a2 elementor-widget elementor-widget-text-editor\" data-id=\"2e0e9a2\" data-element_type=\"widget\" data-e-type=\"widget\" data-widget_type=\"text-editor.default\">\n\t\t\t\t<div class=\"elementor-widget-container\">\n\t\t\t\t\t\t\t\t\t<p><strong>Caminho de Solu\u00e7\u00f5es da Feuervogel<\/strong><\/p><p>Na Feuervogel, compreendemos que os desafios enfrentados por uma empresa muitas vezes transcendem o mundo f\u00edsico e t\u00e9cnico. Nosso Caminho de Solu\u00e7\u00f5es \u00e9 uma abordagem estruturada e profunda, que come\u00e7a com uma an\u00e1lise detalhada e culmina em corre\u00e7\u00f5es espec\u00edficas para transformar o seu neg\u00f3cio.<\/p><p><strong>Etapas do Caminho de An\u00e1lise<\/strong><\/p><p><strong>An\u00e1lise Oracular<\/strong><\/p><p>Utilizamos runas ou tarot para identificar e resolver interfer\u00eancias externas, como:<\/p><ul><li>Magias realizadas por ex-colaboradores, s\u00f3cios ou concorrentes;<\/li><li>Energias de insatisfa\u00e7\u00e3o de clientes ou fornecedores;<\/li><li>Influ\u00eancias de seres ou for\u00e7as que comprometem o equil\u00edbrio da empresa.<\/li><\/ul><p><strong>An\u00e1lise do Local<\/strong><\/p><p>Atrav\u00e9s de radiestesia, viagem astral e geomancia, examinamos o local de atua\u00e7\u00e3o do seu neg\u00f3cio, identificando:<\/p><ul><li>Fluxos energ\u00e9ticos negativos;<\/li><li>Resist\u00eancias de esp\u00edritos locais;<\/li><li>Influ\u00eancias geogr\u00e1ficas desfavor\u00e1veis que podem impactar a prosperidade.<\/li><\/ul><p><strong>An\u00e1lise Astrol\u00f3gica Empresarial<\/strong><\/p><p>Estudamos a data de cria\u00e7\u00e3o da sua empresa e os mapas astrais associados para revelar:<\/p><ul><li>Aspectos que favorecem o crescimento;<\/li><li>Desafios e oportunidades vinculados ao mapa natal do neg\u00f3cio.<\/li><\/ul><p><strong>Contrata\u00e7\u00e3o Flex\u00edvel<\/strong><\/p><p>Cada etapa do Caminho de An\u00e1lise pode ser contratada individualmente, conforme a necessidade da sua empresa, ou como um pacote completo que integra todas as an\u00e1lises, oferecendo uma vis\u00e3o hol\u00edstica dos desafios e oportunidades.<\/p><p><strong>Corre\u00e7\u00f5es M\u00e1gicas e Planejamento Personalizado<\/strong><\/p><p>Ap\u00f3s a an\u00e1lise, oferecemos um plano de corre\u00e7\u00e3o personalizado, incluindo magias, rituais e ajustes energ\u00e9ticos para eliminar os bloqueios identificados. Cada passo \u00e9 cuidadosamente planejado e or\u00e7ado com prazos claros, garantindo uma transforma\u00e7\u00e3o completa e sustent\u00e1vel da sua empresa.<\/p><p><strong>Consultoria T\u00e9cnica Estrat\u00e9gica e Corre\u00e7\u00e3o de Processos<\/strong><\/p><p>A Feuervogel tamb\u00e9m atua diretamente no aprimoramento t\u00e9cnico e operacional de empresas. Oferecemos:<\/p><ul><li><strong>Consultoria de Estrat\u00e9gia:<\/strong> Desenvolvimento de planos focados em marketing, finan\u00e7as e gest\u00e3o de pessoas para fortalecer a competitividade.<\/li><li><strong>Corre\u00e7\u00e3o de Processos:<\/strong> Diagn\u00f3stico e implementa\u00e7\u00e3o de melhorias em \u00e1reas fabris, log\u00edsticas e administrativas, alinhando efici\u00eancia e resultados.<\/li><li><strong>Gest\u00e3o de Equipes:<\/strong> Solu\u00e7\u00f5es para engajamento e desenvolvimento de times de alto desempenho.<\/li><\/ul><p>Cada projeto \u00e9 planejado com uma vis\u00e3o integrada, unindo m\u00e9todos tradicionais de gest\u00e3o com pr\u00e1ticas energ\u00e9ticas para criar resultados sustent\u00e1veis e inovadores.<\/p><p><strong>Transforme seu Neg\u00f3cio com a Feuervogel<\/strong><\/p><p>Mais do que uma simples an\u00e1lise, a Feuervogel oferece um caminho pr\u00e1tico e m\u00e1gico para a prosperidade. Permita-nos gui\u00e1-lo em uma jornada de transforma\u00e7\u00e3o, onde o m\u00edstico e o corporativo se encontram para criar um futuro brilhante e equilibrado para o seu neg\u00f3cio.<\/p>\t\t\t\t\t\t\t\t<\/div>\n\t\t\t\t<\/div>\n\t\t\t\t\t<\/div>\n\t\t\t\t<\/div>\n\t\t\t\t<section class=\"elementor-section elementor-inner-section elementor-element elementor-element-3b5f3648 elementor-section-boxed elementor-section-height-default elementor-section-height-default\" data-id=\"3b5f3648\" data-element_type=\"section\" data-e-type=\"section\">\n\t\t\t\t\t\t<div class=\"elementor-container elementor-column-gap-default\">\n\t\t\t\t\t<div class=\"elementor-column elementor-col-100 elementor-inner-column elementor-element elementor-element-75cb1ec\" data-id=\"75cb1ec\" data-element_type=\"column\" data-e-type=\"column\">\n\t\t\t<div class=\"elementor-widget-wrap elementor-element-populated\">\n\t\t\t\t\t\t<div class=\"elementor-element elementor-element-66c65812 elementor-mobile-align-center elementor-widget elementor-widget-button\" data-id=\"66c65812\" data-element_type=\"widget\" data-e-type=\"widget\" data-widget_type=\"button.default\">\n\t\t\t\t<div class=\"elementor-widget-container\">\n\t\t\t\t\t\t\t\t\t<div class=\"elementor-button-wrapper\">\n\t\t\t\t\t<a class=\"elementor-button elementor-button-link elementor-size-sm\" href=\"https:\/\/api.whatsapp.com\/send?phone=5511952920267&#038;text=Entre%20em%20contato.\">\n\t\t\t\t\t\t<span class=\"elementor-button-content-wrapper\">\n\t\t\t\t\t\t<span class=\"elementor-button-icon\">\n\t\t\t\t<svg aria-hidden=\"true\" class=\"e-font-icon-svg e-fas-comment-dots\" viewBox=\"0 0 512 512\" xmlns=\"http:\/\/www.w3.org\/2000\/svg\"><path d=\"M256 32C114.6 32 0 125.1 0 240c0 49.6 21.4 95 57 130.7C44.5 421.1 2.7 466 2.2 466.5c-2.2 2.3-2.8 5.7-1.5 8.7S4.8 480 8 480c66.3 0 116-31.8 140.6-51.4 32.7 12.3 69 19.4 107.4 19.4 141.4 0 256-93.1 256-208S397.4 32 256 32zM128 272c-17.7 0-32-14.3-32-32s14.3-32 32-32 32 14.3 32 32-14.3 32-32 32zm128 0c-17.7 0-32-14.3-32-32s14.3-32 32-32 32 14.3 32 32-14.3 32-32 32zm128 0c-17.7 0-32-14.3-32-32s14.3-32 32-32 32 14.3 32 32-14.3 32-32 32z\"><\/path><\/svg>\t\t\t<\/span>\n\t\t\t\t\t\t\t\t\t<span class=\"elementor-button-text\">LEIA MAIS<\/span>\n\t\t\t\t\t<\/span>\n\t\t\t\t\t<\/a>\n\t\t\t\t<\/div>\n\t\t\t\t\t\t\t\t<\/div>\n\t\t\t\t<\/div>\n\t\t\t\t\t<\/div>\n\t\t<\/div>\n\t\t\t\t\t<\/div>\n\t\t<\/section>\n\t\t\t\t<\/div>\n\t\t","protected":false},"excerpt":{"rendered":"<p>Caminho de Solu\u00e7\u00f5es da Feuervogel Na Feuervogel, compreendemos que os desafios enfrentados por uma empresa muitas vezes transcendem o mundo f\u00edsico e t\u00e9cnico. Nosso Caminho de<span class=\"excerpt-hellip\"> [\u2026]<\/span><\/p>\n","protected":false},"author":1,"featured_media":259,"parent":0,"menu_order":0,"comment_status":"closed","ping_status":"closed","template":"","meta":{"footnotes":""},"class_list":["post-371","page","type-page","status-publish","has-post-thumbnail","hentry"],"yoast_head":"<!-- This site is optimized with the Yoast SEO plugin v26.3 - https:\/\/yoast.com\/wordpress\/plugins\/seo\/ -->\n<title>Nossos produtos - DER FEUERVOGEL<\/title>\n<meta name=\"robots\" content=\"index, follow, max-snippet:-1, max-image-preview:large, max-video-preview:-1\" \/>\n<link rel=\"canonical\" href=\"https:\/\/dfvl.com.br\/index.php\/nossos-produtos\/\" \/>\n<meta property=\"og:locale\" content=\"pt_BR\" \/>\n<meta property=\"og:type\" content=\"article\" \/>\n<meta property=\"og:title\" content=\"Nossos produtos - DER FEUERVOGEL\" \/>\n<meta property=\"og:description\" content=\"Caminho de Solu\u00e7\u00f5es da Feuervogel Na Feuervogel, compreendemos que os desafios enfrentados por uma empresa muitas vezes transcendem o mundo f\u00edsico e t\u00e9cnico. Nosso Caminho de [\u2026]\" \/>\n<meta property=\"og:url\" content=\"https:\/\/dfvl.com.br\/index.php\/nossos-produtos\/\" \/>\n<meta property=\"og:site_name\" content=\"DER FEUERVOGEL\" \/>\n<meta property=\"article:modified_time\" content=\"2024-11-27T09:20:38+00:00\" \/>\n<meta property=\"og:image\" content=\"https:\/\/dfvl.com.br\/wp-content\/uploads\/2024\/09\/wallpaper.jpg\" \/>\n\t<meta property=\"og:image:width\" content=\"1920\" \/>\n\t<meta property=\"og:image:height\" content=\"1080\" \/>\n\t<meta property=\"og:image:type\" content=\"image\/jpeg\" \/>\n<meta name=\"twitter:card\" content=\"summary_large_image\" \/>\n<meta name=\"twitter:label1\" content=\"Est. tempo de leitura\" \/>\n\t<meta name=\"twitter:data1\" content=\"2 minutos\" \/>\n<script type=\"application\/ld+json\" class=\"yoast-schema-graph\">{\"@context\":\"https:\/\/schema.org\",\"@graph\":[{\"@type\":\"WebPage\",\"@id\":\"https:\/\/dfvl.com.br\/index.php\/nossos-produtos\/\",\"url\":\"https:\/\/dfvl.com.br\/index.php\/nossos-produtos\/\",\"name\":\"Nossos produtos - DER FEUERVOGEL\",\"isPartOf\":{\"@id\":\"https:\/\/dfvl.com.br\/#website\"},\"primaryImageOfPage\":{\"@id\":\"https:\/\/dfvl.com.br\/index.php\/nossos-produtos\/#primaryimage\"},\"image\":{\"@id\":\"https:\/\/dfvl.com.br\/index.php\/nossos-produtos\/#primaryimage\"},\"thumbnailUrl\":\"https:\/\/dfvl.com.br\/wp-content\/uploads\/2024\/09\/wallpaper.jpg\",\"datePublished\":\"2024-11-27T09:09:52+00:00\",\"dateModified\":\"2024-11-27T09:20:38+00:00\",\"breadcrumb\":{\"@id\":\"https:\/\/dfvl.com.br\/index.php\/nossos-produtos\/#breadcrumb\"},\"inLanguage\":\"pt-BR\",\"potentialAction\":[{\"@type\":\"ReadAction\",\"target\":[\"https:\/\/dfvl.com.br\/index.php\/nossos-produtos\/\"]}]},{\"@type\":\"ImageObject\",\"inLanguage\":\"pt-BR\",\"@id\":\"https:\/\/dfvl.com.br\/index.php\/nossos-produtos\/#primaryimage\",\"url\":\"https:\/\/dfvl.com.br\/wp-content\/uploads\/2024\/09\/wallpaper.jpg\",\"contentUrl\":\"https:\/\/dfvl.com.br\/wp-content\/uploads\/2024\/09\/wallpaper.jpg\",\"width\":1920,\"height\":1080},{\"@type\":\"BreadcrumbList\",\"@id\":\"https:\/\/dfvl.com.br\/index.php\/nossos-produtos\/#breadcrumb\",\"itemListElement\":[{\"@type\":\"ListItem\",\"position\":1,\"name\":\"In\u00edcio\",\"item\":\"https:\/\/dfvl.com.br\/\"},{\"@type\":\"ListItem\",\"position\":2,\"name\":\"Nossos produtos\"}]},{\"@type\":\"WebSite\",\"@id\":\"https:\/\/dfvl.com.br\/#website\",\"url\":\"https:\/\/dfvl.com.br\/\",\"name\":\"DER FEUERVOGEL\",\"description\":\"\",\"publisher\":{\"@id\":\"https:\/\/dfvl.com.br\/#organization\"},\"potentialAction\":[{\"@type\":\"SearchAction\",\"target\":{\"@type\":\"EntryPoint\",\"urlTemplate\":\"https:\/\/dfvl.com.br\/?s={search_term_string}\"},\"query-input\":{\"@type\":\"PropertyValueSpecification\",\"valueRequired\":true,\"valueName\":\"search_term_string\"}}],\"inLanguage\":\"pt-BR\"},{\"@type\":\"Organization\",\"@id\":\"https:\/\/dfvl.com.br\/#organization\",\"name\":\"DER FEUERVOGEL\",\"url\":\"https:\/\/dfvl.com.br\/\",\"logo\":{\"@type\":\"ImageObject\",\"inLanguage\":\"pt-BR\",\"@id\":\"https:\/\/dfvl.com.br\/#\/schema\/logo\/image\/\",\"url\":\"https:\/\/dfvl.com.br\/wp-content\/uploads\/2024\/09\/ICON.jpg\",\"contentUrl\":\"https:\/\/dfvl.com.br\/wp-content\/uploads\/2024\/09\/ICON.jpg\",\"width\":250,\"height\":250,\"caption\":\"DER FEUERVOGEL\"},\"image\":{\"@id\":\"https:\/\/dfvl.com.br\/#\/schema\/logo\/image\/\"}}]}<\/script>\n<!-- \/ Yoast SEO plugin. -->","yoast_head_json":{"title":"Nossos produtos - DER FEUERVOGEL","robots":{"index":"index","follow":"follow","max-snippet":"max-snippet:-1","max-image-preview":"max-image-preview:large","max-video-preview":"max-video-preview:-1"},"canonical":"https:\/\/dfvl.com.br\/index.php\/nossos-produtos\/","og_locale":"pt_BR","og_type":"article","og_title":"Nossos produtos - DER FEUERVOGEL","og_description":"Caminho de Solu\u00e7\u00f5es da Feuervogel Na Feuervogel, compreendemos que os desafios enfrentados por uma empresa muitas vezes transcendem o mundo f\u00edsico e t\u00e9cnico. Nosso Caminho de [\u2026]","og_url":"https:\/\/dfvl.com.br\/index.php\/nossos-produtos\/","og_site_name":"DER FEUERVOGEL","article_modified_time":"2024-11-27T09:20:38+00:00","og_image":[{"width":1920,"height":1080,"url":"https:\/\/dfvl.com.br\/wp-content\/uploads\/2024\/09\/wallpaper.jpg","type":"image\/jpeg"}],"twitter_card":"summary_large_image","twitter_misc":{"Est. tempo de leitura":"2 minutos"},"schema":{"@context":"https:\/\/schema.org","@graph":[{"@type":"WebPage","@id":"https:\/\/dfvl.com.br\/index.php\/nossos-produtos\/","url":"https:\/\/dfvl.com.br\/index.php\/nossos-produtos\/","name":"Nossos produtos - DER FEUERVOGEL","isPartOf":{"@id":"https:\/\/dfvl.com.br\/#website"},"primaryImageOfPage":{"@id":"https:\/\/dfvl.com.br\/index.php\/nossos-produtos\/#primaryimage"},"image":{"@id":"https:\/\/dfvl.com.br\/index.php\/nossos-produtos\/#primaryimage"},"thumbnailUrl":"https:\/\/dfvl.com.br\/wp-content\/uploads\/2024\/09\/wallpaper.jpg","datePublished":"2024-11-27T09:09:52+00:00","dateModified":"2024-11-27T09:20:38+00:00","breadcrumb":{"@id":"https:\/\/dfvl.com.br\/index.php\/nossos-produtos\/#breadcrumb"},"inLanguage":"pt-BR","potentialAction":[{"@type":"ReadAction","target":["https:\/\/dfvl.com.br\/index.php\/nossos-produtos\/"]}]},{"@type":"ImageObject","inLanguage":"pt-BR","@id":"https:\/\/dfvl.com.br\/index.php\/nossos-produtos\/#primaryimage","url":"https:\/\/dfvl.com.br\/wp-content\/uploads\/2024\/09\/wallpaper.jpg","contentUrl":"https:\/\/dfvl.com.br\/wp-content\/uploads\/2024\/09\/wallpaper.jpg","width":1920,"height":1080},{"@type":"BreadcrumbList","@id":"https:\/\/dfvl.com.br\/index.php\/nossos-produtos\/#breadcrumb","itemListElement":[{"@type":"ListItem","position":1,"name":"In\u00edcio","item":"https:\/\/dfvl.com.br\/"},{"@type":"ListItem","position":2,"name":"Nossos produtos"}]},{"@type":"WebSite","@id":"https:\/\/dfvl.com.br\/#website","url":"https:\/\/dfvl.com.br\/","name":"DER FEUERVOGEL","description":"","publisher":{"@id":"https:\/\/dfvl.com.br\/#organization"},"potentialAction":[{"@type":"SearchAction","target":{"@type":"EntryPoint","urlTemplate":"https:\/\/dfvl.com.br\/?s={search_term_string}"},"query-input":{"@type":"PropertyValueSpecification","valueRequired":true,"valueName":"search_term_string"}}],"inLanguage":"pt-BR"},{"@type":"Organization","@id":"https:\/\/dfvl.com.br\/#organization","name":"DER FEUERVOGEL","url":"https:\/\/dfvl.com.br\/","logo":{"@type":"ImageObject","inLanguage":"pt-BR","@id":"https:\/\/dfvl.com.br\/#\/schema\/logo\/image\/","url":"https:\/\/dfvl.com.br\/wp-content\/uploads\/2024\/09\/ICON.jpg","contentUrl":"https:\/\/dfvl.com.br\/wp-content\/uploads\/2024\/09\/ICON.jpg","width":250,"height":250,"caption":"DER FEUERVOGEL"},"image":{"@id":"https:\/\/dfvl.com.br\/#\/schema\/logo\/image\/"}}]}},"_links":{"self":[{"href":"https:\/\/dfvl.com.br\/index.php\/wp-json\/wp\/v2\/pages\/371","targetHints":{"allow":["GET"]}}],"collection":[{"href":"https:\/\/dfvl.com.br\/index.php\/wp-json\/wp\/v2\/pages"}],"about":[{"href":"https:\/\/dfvl.com.br\/index.php\/wp-json\/wp\/v2\/types\/page"}],"author":[{"embeddable":true,"href":"https:\/\/dfvl.com.br\/index.php\/wp-json\/wp\/v2\/users\/1"}],"replies":[{"embeddable":true,"href":"https:\/\/dfvl.com.br\/index.php\/wp-json\/wp\/v2\/comments?post=371"}],"version-history":[{"count":8,"href":"https:\/\/dfvl.com.br\/index.php\/wp-json\/wp\/v2\/pages\/371\/revisions"}],"predecessor-version":[{"id":380,"href":"https:\/\/dfvl.com.br\/index.php\/wp-json\/wp\/v2\/pages\/371\/revisions\/380"}],"wp:featuredmedia":[{"embeddable":true,"href":"https:\/\/dfvl.com.br\/index.php\/wp-json\/wp\/v2\/media\/259"}],"wp:attachment":[{"href":"https:\/\/dfvl.com.br\/index.php\/wp-json\/wp\/v2\/media?parent=371"}],"curies":[{"name":"wp","href":"https:\/\/api.w.org\/{rel}","templated":true}]}}